{"id":1174,"date":"2018-11-30T14:28:47","date_gmt":"2018-11-30T14:28:47","guid":{"rendered":"http:\/\/fastfreight.es\/?page_id=1174"},"modified":"2018-12-07T10:54:31","modified_gmt":"2018-12-07T10:54:31","slug":"aviso-legal","status":"publish","type":"page","link":"https:\/\/fastfreight.es\/en\/aviso-legal\/","title":{"rendered":"Legal warning"},"content":{"rendered":"<p><\/p>\n<h1>Aviso legal<\/h1>\n<p><strong><span style=\"color:#CC4B3D;\">AVISO LEGAL:<\/span><\/strong> Los mensajes y sus archivos adjuntos van dirigidos exclusivamente a su destinatario, pudiendo contener informaci\u00f3n confidencial sometida a secreto profesional. No est\u00e1 permitida su comunicaci\u00f3n, reproducci\u00f3n o distribuci\u00f3n sin la autorizaci\u00f3n expresa de FAST FREIGHT SPAIN SL. Si usted no es destinatario final, por favor elim\u00ednelo e inf\u00f3rmenos por esta v\u00eda.<\/p>\n<p>&nbsp;<\/p>\n<p><strong><span style=\"color:#CC4B3D;\">PROTECCION DE DATOS:<\/span><\/strong> De conformidad con lo dispuesto en el Reglamento (UE) 2016\/679 de 27 abril de 2016 (GDPR). Le informamos que los datos personales y direcci\u00f3n de correo electr\u00f3nico, recabados del propio interesado o de fuentes p\u00fablicas, ser\u00e1n tratados bajo la responsabilidad de FAST FREIGHT SPAIN SL \/ el envi\u00f3 de comunicaciones sobre nuestros productos y servicios y se conservaran mientras exista un inter\u00e9s mutuo para ello. Los datos no ser\u00e1n comunicados a terceros, salvo obligaci\u00f3n legal. Le informamos que puede ejercer los derechos de acceso, rectificaci\u00f3n, portabilidad y suspensi\u00f3n de sus datos y los de limitaci\u00f3n y oposici\u00f3n a su tratamiento dirigi\u00e9ndose a MUELLE SERRANO LLOBERAS S\/N, 12100 GRAO CASTELLON. Email:management@fastfreight.es. Si considera que el tratamiento no se ajusta a la normativa vigente, podr\u00e1 presentar una reclamaci\u00f3n ante la autoridad de control en www.agpd.es <\/p>\n<p>&nbsp;<\/p>\n<p><strong><span style=\"color:#CC4B3D;\">PUBLICIDAD:<\/span><\/strong> En cumplimiento de lo previsto en el art\u00edculo 21 de la Ley 34\/2002 de Servicios de la Sociedad de la informaci\u00f3n y Comercio Electr\u00f3nico (LSSICE), si usted no desea recibir m\u00e1s informaci\u00f3n sobre nuestros productos y \/ o servicios, puede darse de baja enviando un correo electr\u00f3nico a management@fastfreight.es indicando en el Asunto \u00a8BAJA\u00a8 o \u00a8NO ENVIAR\u00a8<\/p>\n<p>&nbsp;<\/p>\n<h2>LEY DE LOS SERVICIOS DE LA SOCIEDAD DE LA INFORMACIO\u0301N (LSSI)<\/h2>\n<p>FAST FREIGHT SPAIN SL, responsable del sitio web, en adelante RESPONSABLE, pone a disposicio\u0301n de los usuarios el presente documento, con el que pretende dar cumplimiento a las obligaciones dispuestas en la Ley 34\/2002, de 11 de julio, de Servicios de la Sociedad de la Informacio\u0301n y de Comercio Electro\u0301nico (LSSICE), BOE N o 166, asi\u0301 como informar a todos los usuarios del sitio web respecto a cua\u0301les son las condiciones de uso.<\/p>\n<p>Toda persona que acceda a este sitio web asume el papel de usuario, comprometie\u0301ndose a la observancia y cumplimiento riguroso de las disposiciones aqui\u0301 dispuestas, asi\u0301 como a cualquier otra disposicio\u0301n legal que fuera de aplicacio\u0301n.<br \/>\nFAST FREIGHT SPAIN SL se reserva el derecho de modificar cualquier tipo de informacio\u0301n que pudiera aparecer en el sitio web, sin que exista obligacio\u0301n de preavisar o poner en conocimiento de los usuarios dichas obligaciones, entendie\u0301ndose como suficiente con la publicacio\u0301n en el sitio web de FAST FREIGHT SPAIN SL.<\/p>\n<p>&nbsp;<\/p>\n<h3>1. DATOS IDENTIFICATIVOS<\/h3>\n<ul>\n<li>Nombre de dominio: http:\/\/www.fastfreight.es\/ Nombre comercial: FAST FREIGT SPAIN SL <\/li>\n<li>Denominacio\u0301n social: FAST FREIGHT SPAIN SL NIF: B12839601<\/li>\n<li>Domicilio social: MUELLE SERRANO LLOBERAS\/N , 12100 GRAO DE CASTELLO\u0301N (CASTELLO\u0301N) Tele\u0301fono: 964737024<\/li>\n<li>e-mail: management@fastfreight.es<\/li>\n<li>Inscrita en el Registro (Mercantil \/ Pu\u0301blico): TOMO 1535, FOLIO 70, HOJA CS-31928, INSC 1a<\/li>\n<\/ul>\n<p>&nbsp;<\/p>\n<h3>2. DERECHOS DE PROPIEDAD INTELECTUAL E INDUSTRIAL<\/h3>\n<p>El sitio web, incluyendo a ti\u0301tulo enunciativo pero no limitativo su programacio\u0301n, edicio\u0301n, compilacio\u0301n y dema\u0301s elementos necesarios para su funcionamiento, los disen\u0303os, logotipos, texto y\/o gra\u0301ficos, son propiedad del RESPONSABLE o, si es el caso, dispone de licencia o autorizacio\u0301n expresa por parte de los autores. Todos los contenidos del sitio web se encuentran debidamente protegidos por la normativa de propiedad intelectual e industrial, asi\u0301 como inscritos en los registros pu\u0301blicos correspondientes. Independientemente de la finalidad para la que fueran destinados, la reproduccio\u0301n total o parcial, uso, explotacio\u0301n, distribucio\u0301n y comercializacio\u0301n, requiere en todo caso de la autorizacio\u0301n escrita previa por parte del RESPONSABLE. Cualquier uso no autorizado previamente se considera un incumplimiento grave de los derechos de propiedad intelectual o industrial del autor.<\/p>\n<p>Los disen\u0303os, logotipos, texto y\/o gra\u0301ficos ajenos al RESPONSABLE y que pudieran aparecer en el sitio web, pertenecen a sus respectivos propietarios, siendo ellos mismos responsables de cualquier posible controversia que pudiera suscitarse respecto a los mismos. El RESPONSABLE autoriza expresamente a que terceros puedan redirigir directamente a los contenidos concretos del sitio web, y en todo caso redirigir al sitio web principal de http:\/\/www.fastfreight.es\/.<\/p>\n<p>&nbsp;<\/p>\n<p>El RESPONSABLE reconoce a favor de sus titulares los correspondientes derechos de propiedad intelectual e industrial, no implicando su sola mencio\u0301n o aparicio\u0301n en el sitio web la existencia de derechos o responsabilidad alguna sobre los mismos, como tampoco respaldo, patrocinio o recomendacio\u0301n por parte del mismo.<\/p>\n<p>Para realizar cualquier tipo de observacio\u0301n respecto a posibles incumplimientos de los derechos de propiedad intelectual o industrial, asi\u0301 como sobre cualquiera de los contenidos del sitio web, puede hacerlo a trave\u0301s del correo electro\u0301nico management@fastfreight.es.<\/p>\n<p>&nbsp;<\/p>\n<h3>3. EXENCIO\u0301N DE RESPONSABILIDADES<\/h3>\n<p>El RESPONSABLE se exime de cualquier tipo de responsabilidad derivada de la informacio\u0301n publicada en su sitio web siempre que esta informacio\u0301n haya sido manipulada o introducida por un tercero ajeno al mismo.<\/p>\n<p>&nbsp;<br \/>\n<strong>Uso de Cookies<\/strong><\/p>\n<p>Este sitio web puede utilizar cookies te\u0301cnicas (pequen\u0303os archivos de informacio\u0301n que el servidor envi\u0301a al ordenador de quien accede a la pa\u0301gina) para llevar a cabo determinadas funciones que son consideradas imprescindibles para el correcto funcionamiento y visualizacio\u0301n del sitio. Las cookies utilizadas tienen, en todo caso, cara\u0301cter temporal, con la u\u0301nica finalidad de hacer ma\u0301s eficaz la navegacio\u0301n, y desaparecen al terminar la sesio\u0301n del usuario. En ningu\u0301n caso, estas cookies proporcionan por si\u0301 mismas datos de cara\u0301cter personal y no se utilizara\u0301n para la recogida de los mismos.<br \/>\nMediante el uso de cookies tambie\u0301n es posible que el servidor donde se encuentra la web reconozca el navegador utilizado por el usuario con la finalidad de que la navegacio\u0301n sea ma\u0301s sencilla, permitiendo, por ejemplo, el acceso de los usuarios que se hayan registrado previamente a las a\u0301reas, servicios, promociones o concursos reservados exclusivamente a ellos sin tener que registrarse en cada visita. Tambie\u0301n se pueden utilizar para medir la audiencia, para\u0301metros de tra\u0301fico, controlar el progreso y nu\u0301mero de entradas, etc, siendo en estos casos cookies prescindibles te\u0301cnicamente pero beneficiosas para el usuario. Este sitio web no instalara\u0301 cookies prescindibles sin el consentimiento previo del usuario.<\/p>\n<p>El usuario tiene la posibilidad de configurar su navegador para ser alertado de la recepcio\u0301n de cookies y para impedir su instalacio\u0301n en su equipo. Por favor, consulte las instrucciones de su navegador para ampliar esta informacio\u0301n.<\/p>\n<p>&nbsp;<br \/>\n<strong>Poli\u0301tica de enlaces<\/strong><\/p>\n<p>Desde el sitio web, es posible que se redirija a contenidos de terceros sitios web. Dado que el RESPONSABLE no puede controlar siempre los contenidos introducidos por los terceros en sus respectivos sitios web, no asume ningu\u0301n tipo de responsabilidad respecto a dichos contenidos. En todo caso, procedera\u0301 a la retirada inmediata de cualquier contenido que pudiera contravenir la legislacio\u0301n nacional o internacional, la moral o el orden pu\u0301blico, procediendo a la retirada inmediata de la redireccio\u0301n a dicho sitio web, poniendo en conocimiento de las autoridades competentes el contenido en cuestio\u0301n.<\/p>\n<p>&nbsp;<\/p>\n<p>El RESPONSABLE no se hace responsable de la informacio\u0301n y contenidos almacenados, a ti\u0301tulo enunciativo pero no limitativo, en foros, chats, generadores de blogs, comentarios, redes sociales o cualquier otro medio que permita a terceros publicar contenidos de forma independiente en la pa\u0301gina web del RESPONSABLE. Sin embargo, y en cumplimiento de lo dispuesto en los arti\u0301culos 11 y 16 de la LSSICE, se pone a disposicio\u0301n de todos los usuarios, autoridades y fuerzas de seguridad, colaborando de forma activa en la retirada o, en su caso, bloqueo de todos aquellos contenidos que puedan afectar o contravenir la legislacio\u0301n nacional o internacional, los derechos de terceros o la moral y el orden pu\u0301blico. En caso de que el usuario considere que existe en el sitio web algu\u0301n contenido que pudiera ser susceptible de esta clasificacio\u0301n, se ruega lo notifique de forma inmediata al administrador del sitio web.<\/p>\n<p>Este sitio web ha sido revisado y probado para que funcione correctamente. En principio, puede garantizarse el correcto funcionamiento los 365 di\u0301as del an\u0303o, 24 horas al di\u0301a. Sin embargo, el RESPONSABLE no descarta la posibilidad de que existan ciertos errores de programacio\u0301n, o que acontezcan causas de fuerza mayor, cata\u0301strofes naturales, huelgas o circunstancias semejantes que hagan imposible el acceso a la pa\u0301gina web.<\/p>\n<p>&nbsp;<br \/>\n<strong>Direcciones IP<\/strong><\/p>\n<p>Los servidores del sitio web podra\u0301n detectar de manera automa\u0301tica la direccio\u0301n IP y el nombre de dominio utilizados por el usuario. Una direccio\u0301n IP es un nu\u0301mero asignado automa\u0301ticamente a un ordenador cuando e\u0301ste se conecta a Internet. Toda esta informacio\u0301n es registrada en un fichero de actividad del servidor debidamente inscrito que permite el posterior procesamiento de los datos con el fin de obtener mediciones u\u0301nicamente estadi\u0301sticas que permitan conocer el nu\u0301mero de impresiones de pa\u0301ginas, el nu\u0301mero de visitas realizadas a los servidores web, el orden de visitas, el punto de acceso, etc.<\/p>\n<p>&nbsp;<\/p>\n<h3>4. LEY APLICABLE Y JURISDICCIO\u0301N<\/h3>\n<p>Para la resolucio\u0301n de todas las controversias o cuestiones relacionadas con el presente sitio web o de las actividades en e\u0301l desarrolladas, sera\u0301 de aplicacio\u0301n la legislacio\u0301n espan\u0303ola, a la que se someten expresamente las partes, siendo competentes para la resolucio\u0301n de todos los conflictos derivados o relacionados con su uso los Juzgados y Tribunales ma\u0301s cercanos a GRAO DE CASTELLO\u0301N.<\/p>\n<p>&nbsp;<br \/>\n&nbsp;<\/p>","protected":false},"excerpt":{"rendered":"<p>Aviso legal AVISO LEGAL: Los mensajes y sus archivos adjuntos van dirigidos exclusivamente a su destinatario, pudiendo contener informaci\u00f3n confidencial sometida a secreto profesional. No est\u00e1 permitida su comunicaci\u00f3n, reproducci\u00f3n o distribuci\u00f3n sin la autorizaci\u00f3n expresa de FAST FREIGHT SPAIN SL. Si usted no es destinatario final, por favor elim\u00ednelo e inf\u00f3rmenos por esta v\u00eda. &nbsp; PROTECCION DE DATOS: De conformidad con lo dispuesto en el Reglamento (UE) 2016\/679 de 27 abril de 2016 (GDPR). Le informamos que los datos personales y direcci\u00f3n de correo electr\u00f3nico, recabados del propio interesado o de fuentes p\u00fablicas, ser\u00e1n tratados bajo la responsabilidad de FAST FREIGHT SPAIN SL \/ el envi\u00f3 de comunicaciones sobre nuestros productos y servicios y se conservaran mientras exista un inter\u00e9s mutuo para ello. Los datos no ser\u00e1n comunicados a terceros, salvo obligaci\u00f3n legal. Le informamos que puede ejercer los derechos de acceso, rectificaci\u00f3n, portabilidad y suspensi\u00f3n de sus datos y los de limitaci\u00f3n y oposici\u00f3n a su tratamiento dirigi\u00e9ndose a MUELLE SERRANO LLOBERAS S\/N, 12100 GRAO CASTELLON. Email:management@fastfreight.es. Si considera que el tratamiento no se ajusta a la normativa vigente, podr\u00e1 presentar una reclamaci\u00f3n ante la autoridad de control en www.agpd.es &nbsp; PUBLICIDAD: En cumplimiento de lo previsto en [&hellip;]<\/p>\n","protected":false},"author":4,"featured_media":1111,"parent":0,"menu_order":0,"comment_status":"closed","ping_status":"closed","template":"","meta":{"footnotes":""},"class_list":["post-1174","page","type-page","status-publish","has-post-thumbnail","hentry"],"_links":{"self":[{"href":"https:\/\/fastfreight.es\/en\/wp-json\/wp\/v2\/pages\/1174","targetHints":{"allow":["GET"]}}],"collection":[{"href":"https:\/\/fastfreight.es\/en\/wp-json\/wp\/v2\/pages"}],"about":[{"href":"https:\/\/fastfreight.es\/en\/wp-json\/wp\/v2\/types\/page"}],"author":[{"embeddable":true,"href":"https:\/\/fastfreight.es\/en\/wp-json\/wp\/v2\/users\/4"}],"replies":[{"embeddable":true,"href":"https:\/\/fastfreight.es\/en\/wp-json\/wp\/v2\/comments?post=1174"}],"version-history":[{"count":6,"href":"https:\/\/fastfreight.es\/en\/wp-json\/wp\/v2\/pages\/1174\/revisions"}],"predecessor-version":[{"id":1188,"href":"https:\/\/fastfreight.es\/en\/wp-json\/wp\/v2\/pages\/1174\/revisions\/1188"}],"wp:featuredmedia":[{"embeddable":true,"href":"https:\/\/fastfreight.es\/en\/wp-json\/wp\/v2\/media\/1111"}],"wp:attachment":[{"href":"https:\/\/fastfreight.es\/en\/wp-json\/wp\/v2\/media?parent=1174"}],"curies":[{"name":"wp","href":"https:\/\/api.w.org\/{rel}","templated":true}]}}